{"id":923,"date":"2023-01-31T14:43:47","date_gmt":"2023-01-31T14:43:47","guid":{"rendered":"https:\/\/elynewstyle.it\/?post_type=product&#038;p=923"},"modified":"2023-02-06T19:35:48","modified_gmt":"2023-02-06T19:35:48","slug":"es-shampoo-ristrutturante","status":"publish","type":"product","link":"https:\/\/elynewstyle.it\/de\/produkt\/es-shampoo-restrukturierung\/","title":{"rendered":"ES UMSTRUKTURIERUNGSSHAMPOO"},"content":{"rendered":"<h2><strong>ES Restrukturierendes Shampoo 250 ml<\/strong><\/h2>\n<p><strong>Eigenschaften<\/strong><\/p>\n<p>Kr\u00e4ftigendes Shampoo, ideal f\u00fcr die Reparatur von geschw\u00e4chtem und gesch\u00e4digtem oder behandeltem Haar. Kr\u00e4ftigt die Haarfaser. Das Haar wird weich, gl\u00e4nzend und gest\u00e4rkt.<\/p>\n<p><strong>Aktive Bestandteile<\/strong><\/p>\n<p>Der Kaschmir-Extrakt, der haupts\u00e4chlich aus Keratin mit einer sehr hohen Affinit\u00e4t zur Haarfaser besteht, repariert die Br\u00fccken zwischen den Aminos\u00e4urenstrukturen, die dem Haar seine St\u00e4rke verleihen. Er wirkt revitalisierend, macht die Haarstruktur stark und widerstandsf\u00e4higer gegen Haarbruch, auch bei chemischer und mechanischer Beanspruchung.<\/p>\n<p><strong>Verwenden Sie<\/strong><\/p>\n<p>Auf das nasse Haar und die Kopfhaut auftragen, mit kreisenden Bewegungen sanft einmassieren, aussp\u00fclen und ein zweites Mal wiederholen.<\/p>","protected":false},"excerpt":{"rendered":"<p>Kr\u00e4ftigendes Shampoo, ideal f\u00fcr die Reparatur von geschw\u00e4chtem und gesch\u00e4digtem oder behandeltem Haar. Kr\u00e4ftigt die Haarfaser. Das Haar wird weich, gl\u00e4nzend und gest\u00e4rkt.<\/p>","protected":false},"featured_media":885,"comment_status":"open","ping_status":"closed","template":"","meta":{"_joinchat":[]},"product_brand":[],"product_cat":[16],"product_tag":[],"class_list":{"0":"post-923","1":"product","2":"type-product","3":"status-publish","4":"has-post-thumbnail","6":"product_cat-senza-categoria","8":"first","9":"instock","10":"shipping-taxable","11":"purchasable","12":"product-type-simple"},"yoast_head":"<!-- This site is optimized with the Yoast SEO plugin v27.4 - https:\/\/yoast.com\/product\/yoast-seo-wordpress\/ -->\n<title>ES SHAMPOO RISTRUTTURANTE - Parrucchiere e Salone di bellezza | Golfo Aranci | ES New Style Estetica<\/title>\n<meta name=\"robots\" content=\"index, follow, max-snippet:-1, max-image-preview:large, max-video-preview:-1\" \/>\n<link rel=\"canonical\" href=\"https:\/\/elynewstyle.it\/de\/produkt\/es-shampoo-restrukturierung\/\" \/>\n<meta property=\"og:locale\" content=\"de_DE\" \/>\n<meta property=\"og:type\" content=\"article\" \/>\n<meta property=\"og:title\" content=\"ES SHAMPOO RISTRUTTURANTE - Parrucchiere e Salone di bellezza | Golfo Aranci | ES New Style Estetica\" \/>\n<meta property=\"og:description\" content=\"Shampoo rinforzante, ideale per riparare capelli indeboliti e danneggiati o trattati. Rinvigorisce la fibra capillare. I capelli risulteranno morbidi, lucenti e rinvigoriti.\" \/>\n<meta property=\"og:url\" content=\"https:\/\/elynewstyle.it\/de\/produkt\/es-shampoo-restrukturierung\/\" \/>\n<meta property=\"og:site_name\" content=\"Parrucchiere e Salone di bellezza | Golfo Aranci | ES New Style Estetica\" \/>\n<meta property=\"article:modified_time\" content=\"2023-02-06T19:35:48+00:00\" \/>\n<meta property=\"og:image\" content=\"https:\/\/elynewstyle.it\/wp-content\/uploads\/2023\/01\/DSC_5581.jpg\" \/>\n\t<meta property=\"og:image:width\" content=\"1280\" \/>\n\t<meta property=\"og:image:height\" content=\"1280\" \/>\n\t<meta property=\"og:image:type\" content=\"image\/jpeg\" \/>\n<meta name=\"twitter:card\" content=\"summary_large_image\" \/>\n<meta name=\"twitter:label1\" content=\"Gesch\u00e4tzte Lesezeit\" \/>\n\t<meta name=\"twitter:data1\" content=\"1\u00a0Minute\" \/>\n<script type=\"application\/ld+json\" class=\"yoast-schema-graph\">{\"@context\":\"https:\\\/\\\/schema.org\",\"@graph\":[{\"@type\":\"WebPage\",\"@id\":\"https:\\\/\\\/elynewstyle.it\\\/prodotto\\\/es-shampoo-ristrutturante\\\/\",\"url\":\"https:\\\/\\\/elynewstyle.it\\\/prodotto\\\/es-shampoo-ristrutturante\\\/\",\"name\":\"ES SHAMPOO RISTRUTTURANTE - Parrucchiere e Salone di bellezza | Golfo Aranci | ES New Style Estetica\",\"isPartOf\":{\"@id\":\"https:\\\/\\\/elynewstyle.it\\\/#website\"},\"primaryImageOfPage\":{\"@id\":\"https:\\\/\\\/elynewstyle.it\\\/prodotto\\\/es-shampoo-ristrutturante\\\/#primaryimage\"},\"image\":{\"@id\":\"https:\\\/\\\/elynewstyle.it\\\/prodotto\\\/es-shampoo-ristrutturante\\\/#primaryimage\"},\"thumbnailUrl\":\"https:\\\/\\\/elynewstyle.it\\\/wp-content\\\/uploads\\\/2023\\\/01\\\/DSC_5581.jpg\",\"datePublished\":\"2023-01-31T14:43:47+00:00\",\"dateModified\":\"2023-02-06T19:35:48+00:00\",\"breadcrumb\":{\"@id\":\"https:\\\/\\\/elynewstyle.it\\\/prodotto\\\/es-shampoo-ristrutturante\\\/#breadcrumb\"},\"inLanguage\":\"de\",\"potentialAction\":[{\"@type\":\"ReadAction\",\"target\":[\"https:\\\/\\\/elynewstyle.it\\\/prodotto\\\/es-shampoo-ristrutturante\\\/\"]}]},{\"@type\":\"ImageObject\",\"inLanguage\":\"de\",\"@id\":\"https:\\\/\\\/elynewstyle.it\\\/prodotto\\\/es-shampoo-ristrutturante\\\/#primaryimage\",\"url\":\"https:\\\/\\\/elynewstyle.it\\\/wp-content\\\/uploads\\\/2023\\\/01\\\/DSC_5581.jpg\",\"contentUrl\":\"https:\\\/\\\/elynewstyle.it\\\/wp-content\\\/uploads\\\/2023\\\/01\\\/DSC_5581.jpg\",\"width\":1280,\"height\":1280},{\"@type\":\"BreadcrumbList\",\"@id\":\"https:\\\/\\\/elynewstyle.it\\\/prodotto\\\/es-shampoo-ristrutturante\\\/#breadcrumb\",\"itemListElement\":[{\"@type\":\"ListItem\",\"position\":1,\"name\":\"Home\",\"item\":\"https:\\\/\\\/elynewstyle.it\\\/home\\\/\"},{\"@type\":\"ListItem\",\"position\":2,\"name\":\"Shop\",\"item\":\"https:\\\/\\\/elynewstyle.it\\\/negozio\\\/\"},{\"@type\":\"ListItem\",\"position\":3,\"name\":\"ES SHAMPOO RISTRUTTURANTE\"}]},{\"@type\":\"WebSite\",\"@id\":\"https:\\\/\\\/elynewstyle.it\\\/#website\",\"url\":\"https:\\\/\\\/elynewstyle.it\\\/\",\"name\":\"Parrucchiere e Salone di bellezza | Golfo Aranci | ES New Style Estetica\",\"description\":\"Parrucchiere e Salone di bellezza | Golfo Aranci | ES New Style Estetica\",\"potentialAction\":[{\"@type\":\"SearchAction\",\"target\":{\"@type\":\"EntryPoint\",\"urlTemplate\":\"https:\\\/\\\/elynewstyle.it\\\/?s={search_term_string}\"},\"query-input\":{\"@type\":\"PropertyValueSpecification\",\"valueRequired\":true,\"valueName\":\"search_term_string\"}}],\"inLanguage\":\"de\"}]}<\/script>\n<!-- \/ Yoast SEO plugin. -->","yoast_head_json":{"title":"ES RESTRUCTURING SHAMPOO - Friseur- und Sch\u00f6nheitssalon | Golfo Aranci | ES New Style Estetica","robots":{"index":"index","follow":"follow","max-snippet":"max-snippet:-1","max-image-preview":"max-image-preview:large","max-video-preview":"max-video-preview:-1"},"canonical":"https:\/\/elynewstyle.it\/de\/produkt\/es-shampoo-restrukturierung\/","og_locale":"de_DE","og_type":"article","og_title":"ES SHAMPOO RISTRUTTURANTE - Parrucchiere e Salone di bellezza | Golfo Aranci | ES New Style Estetica","og_description":"Shampoo rinforzante, ideale per riparare capelli indeboliti e danneggiati o trattati. Rinvigorisce la fibra capillare. I capelli risulteranno morbidi, lucenti e rinvigoriti.","og_url":"https:\/\/elynewstyle.it\/de\/produkt\/es-shampoo-restrukturierung\/","og_site_name":"Parrucchiere e Salone di bellezza | Golfo Aranci | ES New Style Estetica","article_modified_time":"2023-02-06T19:35:48+00:00","og_image":[{"width":1280,"height":1280,"url":"https:\/\/elynewstyle.it\/wp-content\/uploads\/2023\/01\/DSC_5581.jpg","type":"image\/jpeg"}],"twitter_card":"summary_large_image","twitter_misc":{"Gesch\u00e4tzte Lesezeit":"1\u00a0Minute"},"schema":{"@context":"https:\/\/schema.org","@graph":[{"@type":"WebPage","@id":"https:\/\/elynewstyle.it\/prodotto\/es-shampoo-ristrutturante\/","url":"https:\/\/elynewstyle.it\/prodotto\/es-shampoo-ristrutturante\/","name":"ES RESTRUCTURING SHAMPOO - Friseur- und Sch\u00f6nheitssalon | Golfo Aranci | ES New Style Estetica","isPartOf":{"@id":"https:\/\/elynewstyle.it\/#website"},"primaryImageOfPage":{"@id":"https:\/\/elynewstyle.it\/prodotto\/es-shampoo-ristrutturante\/#primaryimage"},"image":{"@id":"https:\/\/elynewstyle.it\/prodotto\/es-shampoo-ristrutturante\/#primaryimage"},"thumbnailUrl":"https:\/\/elynewstyle.it\/wp-content\/uploads\/2023\/01\/DSC_5581.jpg","datePublished":"2023-01-31T14:43:47+00:00","dateModified":"2023-02-06T19:35:48+00:00","breadcrumb":{"@id":"https:\/\/elynewstyle.it\/prodotto\/es-shampoo-ristrutturante\/#breadcrumb"},"inLanguage":"de","potentialAction":[{"@type":"ReadAction","target":["https:\/\/elynewstyle.it\/prodotto\/es-shampoo-ristrutturante\/"]}]},{"@type":"ImageObject","inLanguage":"de","@id":"https:\/\/elynewstyle.it\/prodotto\/es-shampoo-ristrutturante\/#primaryimage","url":"https:\/\/elynewstyle.it\/wp-content\/uploads\/2023\/01\/DSC_5581.jpg","contentUrl":"https:\/\/elynewstyle.it\/wp-content\/uploads\/2023\/01\/DSC_5581.jpg","width":1280,"height":1280},{"@type":"BreadcrumbList","@id":"https:\/\/elynewstyle.it\/prodotto\/es-shampoo-ristrutturante\/#breadcrumb","itemListElement":[{"@type":"ListItem","position":1,"name":"Home","item":"https:\/\/elynewstyle.it\/home\/"},{"@type":"ListItem","position":2,"name":"Shop","item":"https:\/\/elynewstyle.it\/negozio\/"},{"@type":"ListItem","position":3,"name":"ES SHAMPOO RISTRUTTURANTE"}]},{"@type":"WebSite","@id":"https:\/\/elynewstyle.it\/#website","url":"https:\/\/elynewstyle.it\/","name":"Friseur- und Sch\u00f6nheitssalon | Golfo Aranci | ES New Style Estetica","description":"Friseur- und Sch\u00f6nheitssalon | Golfo Aranci | ES New Style Estetica","potentialAction":[{"@type":"SearchAction","target":{"@type":"EntryPoint","urlTemplate":"https:\/\/elynewstyle.it\/?s={search_term_string}"},"query-input":{"@type":"PropertyValueSpecification","valueRequired":true,"valueName":"search_term_string"}}],"inLanguage":"de"}]}},"_links":{"self":[{"href":"https:\/\/elynewstyle.it\/de\/wp-json\/wp\/v2\/product\/923","targetHints":{"allow":["GET"]}}],"collection":[{"href":"https:\/\/elynewstyle.it\/de\/wp-json\/wp\/v2\/product"}],"about":[{"href":"https:\/\/elynewstyle.it\/de\/wp-json\/wp\/v2\/types\/product"}],"replies":[{"embeddable":true,"href":"https:\/\/elynewstyle.it\/de\/wp-json\/wp\/v2\/comments?post=923"}],"wp:featuredmedia":[{"embeddable":true,"href":"https:\/\/elynewstyle.it\/de\/wp-json\/wp\/v2\/media\/885"}],"wp:attachment":[{"href":"https:\/\/elynewstyle.it\/de\/wp-json\/wp\/v2\/media?parent=923"}],"wp:term":[{"taxonomy":"product_brand","embeddable":true,"href":"https:\/\/elynewstyle.it\/de\/wp-json\/wp\/v2\/product_brand?post=923"},{"taxonomy":"product_cat","embeddable":true,"href":"https:\/\/elynewstyle.it\/de\/wp-json\/wp\/v2\/product_cat?post=923"},{"taxonomy":"product_tag","embeddable":true,"href":"https:\/\/elynewstyle.it\/de\/wp-json\/wp\/v2\/product_tag?post=923"}],"curies":[{"name":"wp","href":"https:\/\/api.w.org\/{rel}","templated":true}]}}