{"id":973,"date":"2023-02-06T13:58:02","date_gmt":"2023-02-06T13:58:02","guid":{"rendered":"https:\/\/elynewstyle.it\/?post_type=product&#038;p=973"},"modified":"2023-02-06T19:33:23","modified_gmt":"2023-02-06T19:33:23","slug":"es-anti-age","status":"publish","type":"product","link":"https:\/\/elynewstyle.it\/de\/produkt\/es-anti-age\/","title":{"rendered":"ES ANTI AGE"},"content":{"rendered":"<h2>ES ANTI AGE 50 ml<\/h2>\n<h3>Eigenschaften<\/h3>\n<h5>Dank seiner wertvollen Mischung n\u00e4hrt dieses \u00d6l das Haar und bek\u00e4mpft Spliss. Es dringt in die Haarfaser ein und hilft, sie zu revitalisieren und vor extremen Aggressionen zu sch\u00fctzen, w\u00e4hrend es dem Haar Geschmeidigkeit verleiht.<\/h5>\n<h3>Verwenden Sie<\/h3>\n<h5>Verteilen Sie ein paar Tropfen auf dem nassen oder trockenen Haar und f\u00f6hnen Sie es anschlie\u00dfend.<\/h5>","protected":false},"excerpt":{"rendered":"<p>ES ANTI AGE 50 ml Caratteristiche Grazie alla sua preziosa miscela, questo olio nutre i capelli contrastando le doppie punte. Penetra all&#8217;interno della fibra capillare aiutando a rivitalizzarla e a proteggerla dalle aggressioni estreme dando setosit\u00e0 al capello. Utilizzo Distribuire poche gocce su capelli bagnati o asciutti e procedere con l&#8217;asciugatura.<\/p>","protected":false},"featured_media":890,"comment_status":"open","ping_status":"closed","template":"","meta":{"_joinchat":[]},"product_brand":[],"product_cat":[16],"product_tag":[],"class_list":{"0":"post-973","1":"product","2":"type-product","3":"status-publish","4":"has-post-thumbnail","6":"product_cat-senza-categoria","8":"first","9":"instock","10":"shipping-taxable","11":"purchasable","12":"product-type-simple"},"yoast_head":"<!-- This site is optimized with the Yoast SEO plugin v27.5 - https:\/\/yoast.com\/product\/yoast-seo-wordpress\/ -->\n<title>ES ANTI AGE - Parrucchiere e Salone di bellezza | Golfo Aranci | ES New Style Estetica<\/title>\n<meta name=\"robots\" content=\"index, follow, max-snippet:-1, max-image-preview:large, max-video-preview:-1\" \/>\n<link rel=\"canonical\" href=\"https:\/\/elynewstyle.it\/de\/produkt\/es-anti-age\/\" \/>\n<meta property=\"og:locale\" content=\"de_DE\" \/>\n<meta property=\"og:type\" content=\"article\" \/>\n<meta property=\"og:title\" content=\"ES ANTI AGE - Parrucchiere e Salone di bellezza | Golfo Aranci | ES New Style Estetica\" \/>\n<meta property=\"og:description\" content=\"ES ANTI AGE 50 ml Caratteristiche Grazie alla sua preziosa miscela, questo olio nutre i capelli contrastando le doppie punte. Penetra all&#8217;interno della fibra capillare aiutando a rivitalizzarla e a proteggerla dalle aggressioni estreme dando setosit\u00e0 al capello. Utilizzo Distribuire poche gocce su capelli bagnati o asciutti e procedere con l&#8217;asciugatura.\" \/>\n<meta property=\"og:url\" content=\"https:\/\/elynewstyle.it\/de\/produkt\/es-anti-age\/\" \/>\n<meta property=\"og:site_name\" content=\"Parrucchiere e Salone di bellezza | Golfo Aranci | ES New Style Estetica\" \/>\n<meta property=\"article:modified_time\" content=\"2023-02-06T19:33:23+00:00\" \/>\n<meta property=\"og:image\" content=\"https:\/\/elynewstyle.it\/wp-content\/uploads\/2023\/01\/DSC_5586.jpg\" \/>\n\t<meta property=\"og:image:width\" content=\"1280\" \/>\n\t<meta property=\"og:image:height\" content=\"1280\" \/>\n\t<meta property=\"og:image:type\" content=\"image\/jpeg\" \/>\n<meta name=\"twitter:card\" content=\"summary_large_image\" \/>\n<meta name=\"twitter:label1\" content=\"Gesch\u00e4tzte Lesezeit\" \/>\n\t<meta name=\"twitter:data1\" content=\"1\u00a0Minute\" \/>\n<script type=\"application\/ld+json\" class=\"yoast-schema-graph\">{\"@context\":\"https:\\\/\\\/schema.org\",\"@graph\":[{\"@type\":\"WebPage\",\"@id\":\"https:\\\/\\\/elynewstyle.it\\\/prodotto\\\/es-anti-age\\\/\",\"url\":\"https:\\\/\\\/elynewstyle.it\\\/prodotto\\\/es-anti-age\\\/\",\"name\":\"ES ANTI AGE - Parrucchiere e Salone di bellezza | Golfo Aranci | ES New Style Estetica\",\"isPartOf\":{\"@id\":\"https:\\\/\\\/elynewstyle.it\\\/#website\"},\"primaryImageOfPage\":{\"@id\":\"https:\\\/\\\/elynewstyle.it\\\/prodotto\\\/es-anti-age\\\/#primaryimage\"},\"image\":{\"@id\":\"https:\\\/\\\/elynewstyle.it\\\/prodotto\\\/es-anti-age\\\/#primaryimage\"},\"thumbnailUrl\":\"https:\\\/\\\/elynewstyle.it\\\/wp-content\\\/uploads\\\/2023\\\/01\\\/DSC_5586.jpg\",\"datePublished\":\"2023-02-06T13:58:02+00:00\",\"dateModified\":\"2023-02-06T19:33:23+00:00\",\"breadcrumb\":{\"@id\":\"https:\\\/\\\/elynewstyle.it\\\/prodotto\\\/es-anti-age\\\/#breadcrumb\"},\"inLanguage\":\"de\",\"potentialAction\":[{\"@type\":\"ReadAction\",\"target\":[\"https:\\\/\\\/elynewstyle.it\\\/prodotto\\\/es-anti-age\\\/\"]}]},{\"@type\":\"ImageObject\",\"inLanguage\":\"de\",\"@id\":\"https:\\\/\\\/elynewstyle.it\\\/prodotto\\\/es-anti-age\\\/#primaryimage\",\"url\":\"https:\\\/\\\/elynewstyle.it\\\/wp-content\\\/uploads\\\/2023\\\/01\\\/DSC_5586.jpg\",\"contentUrl\":\"https:\\\/\\\/elynewstyle.it\\\/wp-content\\\/uploads\\\/2023\\\/01\\\/DSC_5586.jpg\",\"width\":1280,\"height\":1280},{\"@type\":\"BreadcrumbList\",\"@id\":\"https:\\\/\\\/elynewstyle.it\\\/prodotto\\\/es-anti-age\\\/#breadcrumb\",\"itemListElement\":[{\"@type\":\"ListItem\",\"position\":1,\"name\":\"Home\",\"item\":\"https:\\\/\\\/elynewstyle.it\\\/home\\\/\"},{\"@type\":\"ListItem\",\"position\":2,\"name\":\"Shop\",\"item\":\"https:\\\/\\\/elynewstyle.it\\\/negozio\\\/\"},{\"@type\":\"ListItem\",\"position\":3,\"name\":\"ES ANTI AGE\"}]},{\"@type\":\"WebSite\",\"@id\":\"https:\\\/\\\/elynewstyle.it\\\/#website\",\"url\":\"https:\\\/\\\/elynewstyle.it\\\/\",\"name\":\"Parrucchiere e Salone di bellezza | Golfo Aranci | ES New Style Estetica\",\"description\":\"Parrucchiere e Salone di bellezza | Golfo Aranci | ES New Style Estetica\",\"potentialAction\":[{\"@type\":\"SearchAction\",\"target\":{\"@type\":\"EntryPoint\",\"urlTemplate\":\"https:\\\/\\\/elynewstyle.it\\\/?s={search_term_string}\"},\"query-input\":{\"@type\":\"PropertyValueSpecification\",\"valueRequired\":true,\"valueName\":\"search_term_string\"}}],\"inLanguage\":\"de\"}]}<\/script>\n<!-- \/ Yoast SEO plugin. -->","yoast_head_json":{"title":"ES ANTI AGE - Friseur- und Sch\u00f6nheitssalon | Golfo Aranci | ES New Style Estetica","robots":{"index":"index","follow":"follow","max-snippet":"max-snippet:-1","max-image-preview":"max-image-preview:large","max-video-preview":"max-video-preview:-1"},"canonical":"https:\/\/elynewstyle.it\/de\/produkt\/es-anti-age\/","og_locale":"de_DE","og_type":"article","og_title":"ES ANTI AGE - Parrucchiere e Salone di bellezza | Golfo Aranci | ES New Style Estetica","og_description":"ES ANTI AGE 50 ml Caratteristiche Grazie alla sua preziosa miscela, questo olio nutre i capelli contrastando le doppie punte. Penetra all&#8217;interno della fibra capillare aiutando a rivitalizzarla e a proteggerla dalle aggressioni estreme dando setosit\u00e0 al capello. Utilizzo Distribuire poche gocce su capelli bagnati o asciutti e procedere con l&#8217;asciugatura.","og_url":"https:\/\/elynewstyle.it\/de\/produkt\/es-anti-age\/","og_site_name":"Parrucchiere e Salone di bellezza | Golfo Aranci | ES New Style Estetica","article_modified_time":"2023-02-06T19:33:23+00:00","og_image":[{"width":1280,"height":1280,"url":"https:\/\/elynewstyle.it\/wp-content\/uploads\/2023\/01\/DSC_5586.jpg","type":"image\/jpeg"}],"twitter_card":"summary_large_image","twitter_misc":{"Gesch\u00e4tzte Lesezeit":"1\u00a0Minute"},"schema":{"@context":"https:\/\/schema.org","@graph":[{"@type":"WebPage","@id":"https:\/\/elynewstyle.it\/prodotto\/es-anti-age\/","url":"https:\/\/elynewstyle.it\/prodotto\/es-anti-age\/","name":"ES ANTI AGE - Friseur- und Sch\u00f6nheitssalon | Golfo Aranci | ES New Style Estetica","isPartOf":{"@id":"https:\/\/elynewstyle.it\/#website"},"primaryImageOfPage":{"@id":"https:\/\/elynewstyle.it\/prodotto\/es-anti-age\/#primaryimage"},"image":{"@id":"https:\/\/elynewstyle.it\/prodotto\/es-anti-age\/#primaryimage"},"thumbnailUrl":"https:\/\/elynewstyle.it\/wp-content\/uploads\/2023\/01\/DSC_5586.jpg","datePublished":"2023-02-06T13:58:02+00:00","dateModified":"2023-02-06T19:33:23+00:00","breadcrumb":{"@id":"https:\/\/elynewstyle.it\/prodotto\/es-anti-age\/#breadcrumb"},"inLanguage":"de","potentialAction":[{"@type":"ReadAction","target":["https:\/\/elynewstyle.it\/prodotto\/es-anti-age\/"]}]},{"@type":"ImageObject","inLanguage":"de","@id":"https:\/\/elynewstyle.it\/prodotto\/es-anti-age\/#primaryimage","url":"https:\/\/elynewstyle.it\/wp-content\/uploads\/2023\/01\/DSC_5586.jpg","contentUrl":"https:\/\/elynewstyle.it\/wp-content\/uploads\/2023\/01\/DSC_5586.jpg","width":1280,"height":1280},{"@type":"BreadcrumbList","@id":"https:\/\/elynewstyle.it\/prodotto\/es-anti-age\/#breadcrumb","itemListElement":[{"@type":"ListItem","position":1,"name":"Home","item":"https:\/\/elynewstyle.it\/home\/"},{"@type":"ListItem","position":2,"name":"Shop","item":"https:\/\/elynewstyle.it\/negozio\/"},{"@type":"ListItem","position":3,"name":"ES ANTI AGE"}]},{"@type":"WebSite","@id":"https:\/\/elynewstyle.it\/#website","url":"https:\/\/elynewstyle.it\/","name":"Friseur- und Sch\u00f6nheitssalon | Golfo Aranci | ES New Style Estetica","description":"Friseur- und Sch\u00f6nheitssalon | Golfo Aranci | ES New Style Estetica","potentialAction":[{"@type":"SearchAction","target":{"@type":"EntryPoint","urlTemplate":"https:\/\/elynewstyle.it\/?s={search_term_string}"},"query-input":{"@type":"PropertyValueSpecification","valueRequired":true,"valueName":"search_term_string"}}],"inLanguage":"de"}]}},"_links":{"self":[{"href":"https:\/\/elynewstyle.it\/de\/wp-json\/wp\/v2\/product\/973","targetHints":{"allow":["GET"]}}],"collection":[{"href":"https:\/\/elynewstyle.it\/de\/wp-json\/wp\/v2\/product"}],"about":[{"href":"https:\/\/elynewstyle.it\/de\/wp-json\/wp\/v2\/types\/product"}],"replies":[{"embeddable":true,"href":"https:\/\/elynewstyle.it\/de\/wp-json\/wp\/v2\/comments?post=973"}],"wp:featuredmedia":[{"embeddable":true,"href":"https:\/\/elynewstyle.it\/de\/wp-json\/wp\/v2\/media\/890"}],"wp:attachment":[{"href":"https:\/\/elynewstyle.it\/de\/wp-json\/wp\/v2\/media?parent=973"}],"wp:term":[{"taxonomy":"product_brand","embeddable":true,"href":"https:\/\/elynewstyle.it\/de\/wp-json\/wp\/v2\/product_brand?post=973"},{"taxonomy":"product_cat","embeddable":true,"href":"https:\/\/elynewstyle.it\/de\/wp-json\/wp\/v2\/product_cat?post=973"},{"taxonomy":"product_tag","embeddable":true,"href":"https:\/\/elynewstyle.it\/de\/wp-json\/wp\/v2\/product_tag?post=973"}],"curies":[{"name":"wp","href":"https:\/\/api.w.org\/{rel}","templated":true}]}}