{"id":989,"date":"2023-02-06T14:40:17","date_gmt":"2023-02-06T14:40:17","guid":{"rendered":"https:\/\/elynewstyle.it\/?post_type=product&#038;p=989"},"modified":"2023-02-06T19:30:26","modified_gmt":"2023-02-06T19:30:26","slug":"es-kraus-2","status":"publish","type":"product","link":"https:\/\/elynewstyle.it\/de\/produkt\/es-kraus-2\/","title":{"rendered":"ES CURLY"},"content":{"rendered":"<h2>ES CURLY 150 ml<\/h2>\n<h3>Eigenschaften<\/h3>\n<h5>Formt die Wellen und verleiht dem Haar F\u00fclle und Glanz. Reduziert die Trocknungszeit und eliminiert Frizz: Locken sind definiert und geschmeidig. Verleiht Geschmeidigkeit, ohne zu beschweren, und garantiert einen lang anhaltenden Look.<\/h5>\n<h3>Verwenden Sie<\/h3>\n<h5>Vor dem F\u00f6hnen auftragen, ohne abzusp\u00fclen. F\u00fcr einen noch definierteren Look, mehr Produkt auftragen.<\/h5>","protected":false},"excerpt":{"rendered":"<p>ES CURLY 150 ml Caratteristiche Scolpisce le onde lasciando i capelli corposi e lucenti. Riduce i tempi di asciugatura ed elimina l&#8217;effetto crespo: i ricci risulteranno definiti ed elastici. Dona morbidezza senza appesantire e garantisce un look di lunga durata. Utilizzo Applicare prima di procedere all&#8217;asciugatura a phon, senza sciacquare. Per un look ancora pi\u00f9 [&hellip;]<\/p>\n","protected":false},"featured_media":896,"comment_status":"open","ping_status":"closed","template":"","meta":{"_joinchat":[]},"product_brand":[],"product_cat":[16],"product_tag":[],"class_list":{"0":"post-989","1":"product","2":"type-product","3":"status-publish","4":"has-post-thumbnail","6":"product_cat-senza-categoria","8":"first","9":"instock","10":"shipping-taxable","11":"purchasable","12":"product-type-simple"},"yoast_head":"<!-- This site is optimized with the Yoast SEO plugin v27.4 - https:\/\/yoast.com\/product\/yoast-seo-wordpress\/ -->\n<title>ES CURLY - Parrucchiere e Salone di bellezza | Golfo Aranci | ES New Style Estetica<\/title>\n<meta name=\"robots\" content=\"index, follow, max-snippet:-1, max-image-preview:large, max-video-preview:-1\" \/>\n<link rel=\"canonical\" href=\"https:\/\/elynewstyle.it\/de\/produkt\/es-kraus-2\/\" \/>\n<meta property=\"og:locale\" content=\"de_DE\" \/>\n<meta property=\"og:type\" content=\"article\" \/>\n<meta property=\"og:title\" content=\"ES CURLY - Parrucchiere e Salone di bellezza | Golfo Aranci | ES New Style Estetica\" \/>\n<meta property=\"og:description\" content=\"ES CURLY 150 ml Caratteristiche Scolpisce le onde lasciando i capelli corposi e lucenti. Riduce i tempi di asciugatura ed elimina l&#8217;effetto crespo: i ricci risulteranno definiti ed elastici. Dona morbidezza senza appesantire e garantisce un look di lunga durata. Utilizzo Applicare prima di procedere all&#8217;asciugatura a phon, senza sciacquare. Per un look ancora pi\u00f9 [&hellip;]\" \/>\n<meta property=\"og:url\" content=\"https:\/\/elynewstyle.it\/de\/produkt\/es-kraus-2\/\" \/>\n<meta property=\"og:site_name\" content=\"Parrucchiere e Salone di bellezza | Golfo Aranci | ES New Style Estetica\" \/>\n<meta property=\"article:modified_time\" content=\"2023-02-06T19:30:26+00:00\" \/>\n<meta property=\"og:image\" content=\"https:\/\/elynewstyle.it\/wp-content\/uploads\/2023\/01\/DSC_5592.jpg\" \/>\n\t<meta property=\"og:image:width\" content=\"1280\" \/>\n\t<meta property=\"og:image:height\" content=\"1276\" \/>\n\t<meta property=\"og:image:type\" content=\"image\/jpeg\" \/>\n<meta name=\"twitter:card\" content=\"summary_large_image\" \/>\n<meta name=\"twitter:label1\" content=\"Gesch\u00e4tzte Lesezeit\" \/>\n\t<meta name=\"twitter:data1\" content=\"1\u00a0Minute\" \/>\n<script type=\"application\/ld+json\" class=\"yoast-schema-graph\">{\"@context\":\"https:\\\/\\\/schema.org\",\"@graph\":[{\"@type\":\"WebPage\",\"@id\":\"https:\\\/\\\/elynewstyle.it\\\/prodotto\\\/es-curly\\\/\",\"url\":\"https:\\\/\\\/elynewstyle.it\\\/prodotto\\\/es-curly\\\/\",\"name\":\"ES CURLY - Parrucchiere e Salone di bellezza | Golfo Aranci | ES New Style Estetica\",\"isPartOf\":{\"@id\":\"https:\\\/\\\/elynewstyle.it\\\/#website\"},\"primaryImageOfPage\":{\"@id\":\"https:\\\/\\\/elynewstyle.it\\\/prodotto\\\/es-curly\\\/#primaryimage\"},\"image\":{\"@id\":\"https:\\\/\\\/elynewstyle.it\\\/prodotto\\\/es-curly\\\/#primaryimage\"},\"thumbnailUrl\":\"https:\\\/\\\/elynewstyle.it\\\/wp-content\\\/uploads\\\/2023\\\/01\\\/DSC_5592.jpg\",\"datePublished\":\"2023-02-06T14:40:17+00:00\",\"dateModified\":\"2023-02-06T19:30:26+00:00\",\"breadcrumb\":{\"@id\":\"https:\\\/\\\/elynewstyle.it\\\/prodotto\\\/es-curly\\\/#breadcrumb\"},\"inLanguage\":\"de\",\"potentialAction\":[{\"@type\":\"ReadAction\",\"target\":[\"https:\\\/\\\/elynewstyle.it\\\/prodotto\\\/es-curly\\\/\"]}]},{\"@type\":\"ImageObject\",\"inLanguage\":\"de\",\"@id\":\"https:\\\/\\\/elynewstyle.it\\\/prodotto\\\/es-curly\\\/#primaryimage\",\"url\":\"https:\\\/\\\/elynewstyle.it\\\/wp-content\\\/uploads\\\/2023\\\/01\\\/DSC_5592.jpg\",\"contentUrl\":\"https:\\\/\\\/elynewstyle.it\\\/wp-content\\\/uploads\\\/2023\\\/01\\\/DSC_5592.jpg\",\"width\":1280,\"height\":1276},{\"@type\":\"BreadcrumbList\",\"@id\":\"https:\\\/\\\/elynewstyle.it\\\/prodotto\\\/es-curly\\\/#breadcrumb\",\"itemListElement\":[{\"@type\":\"ListItem\",\"position\":1,\"name\":\"Home\",\"item\":\"https:\\\/\\\/elynewstyle.it\\\/home\\\/\"},{\"@type\":\"ListItem\",\"position\":2,\"name\":\"Shop\",\"item\":\"https:\\\/\\\/elynewstyle.it\\\/negozio\\\/\"},{\"@type\":\"ListItem\",\"position\":3,\"name\":\"ES CURLY\"}]},{\"@type\":\"WebSite\",\"@id\":\"https:\\\/\\\/elynewstyle.it\\\/#website\",\"url\":\"https:\\\/\\\/elynewstyle.it\\\/\",\"name\":\"Parrucchiere e Salone di bellezza | Golfo Aranci | ES New Style Estetica\",\"description\":\"Parrucchiere e Salone di bellezza | Golfo Aranci | ES New Style Estetica\",\"potentialAction\":[{\"@type\":\"SearchAction\",\"target\":{\"@type\":\"EntryPoint\",\"urlTemplate\":\"https:\\\/\\\/elynewstyle.it\\\/?s={search_term_string}\"},\"query-input\":{\"@type\":\"PropertyValueSpecification\",\"valueRequired\":true,\"valueName\":\"search_term_string\"}}],\"inLanguage\":\"de\"}]}<\/script>\n<!-- \/ Yoast SEO plugin. -->","yoast_head_json":{"title":"ES CURLY - Friseur- und Sch\u00f6nheitssalon | Golfo Aranci | ES New Style Estetica","robots":{"index":"index","follow":"follow","max-snippet":"max-snippet:-1","max-image-preview":"max-image-preview:large","max-video-preview":"max-video-preview:-1"},"canonical":"https:\/\/elynewstyle.it\/de\/produkt\/es-kraus-2\/","og_locale":"de_DE","og_type":"article","og_title":"ES CURLY - Parrucchiere e Salone di bellezza | Golfo Aranci | ES New Style Estetica","og_description":"ES CURLY 150 ml Caratteristiche Scolpisce le onde lasciando i capelli corposi e lucenti. Riduce i tempi di asciugatura ed elimina l&#8217;effetto crespo: i ricci risulteranno definiti ed elastici. Dona morbidezza senza appesantire e garantisce un look di lunga durata. Utilizzo Applicare prima di procedere all&#8217;asciugatura a phon, senza sciacquare. Per un look ancora pi\u00f9 [&hellip;]","og_url":"https:\/\/elynewstyle.it\/de\/produkt\/es-kraus-2\/","og_site_name":"Parrucchiere e Salone di bellezza | Golfo Aranci | ES New Style Estetica","article_modified_time":"2023-02-06T19:30:26+00:00","og_image":[{"width":1280,"height":1276,"url":"https:\/\/elynewstyle.it\/wp-content\/uploads\/2023\/01\/DSC_5592.jpg","type":"image\/jpeg"}],"twitter_card":"summary_large_image","twitter_misc":{"Gesch\u00e4tzte Lesezeit":"1\u00a0Minute"},"schema":{"@context":"https:\/\/schema.org","@graph":[{"@type":"WebPage","@id":"https:\/\/elynewstyle.it\/prodotto\/es-curly\/","url":"https:\/\/elynewstyle.it\/prodotto\/es-curly\/","name":"ES CURLY - Friseur- und Sch\u00f6nheitssalon | Golfo Aranci | ES New Style Estetica","isPartOf":{"@id":"https:\/\/elynewstyle.it\/#website"},"primaryImageOfPage":{"@id":"https:\/\/elynewstyle.it\/prodotto\/es-curly\/#primaryimage"},"image":{"@id":"https:\/\/elynewstyle.it\/prodotto\/es-curly\/#primaryimage"},"thumbnailUrl":"https:\/\/elynewstyle.it\/wp-content\/uploads\/2023\/01\/DSC_5592.jpg","datePublished":"2023-02-06T14:40:17+00:00","dateModified":"2023-02-06T19:30:26+00:00","breadcrumb":{"@id":"https:\/\/elynewstyle.it\/prodotto\/es-curly\/#breadcrumb"},"inLanguage":"de","potentialAction":[{"@type":"ReadAction","target":["https:\/\/elynewstyle.it\/prodotto\/es-curly\/"]}]},{"@type":"ImageObject","inLanguage":"de","@id":"https:\/\/elynewstyle.it\/prodotto\/es-curly\/#primaryimage","url":"https:\/\/elynewstyle.it\/wp-content\/uploads\/2023\/01\/DSC_5592.jpg","contentUrl":"https:\/\/elynewstyle.it\/wp-content\/uploads\/2023\/01\/DSC_5592.jpg","width":1280,"height":1276},{"@type":"BreadcrumbList","@id":"https:\/\/elynewstyle.it\/prodotto\/es-curly\/#breadcrumb","itemListElement":[{"@type":"ListItem","position":1,"name":"Home","item":"https:\/\/elynewstyle.it\/home\/"},{"@type":"ListItem","position":2,"name":"Shop","item":"https:\/\/elynewstyle.it\/negozio\/"},{"@type":"ListItem","position":3,"name":"ES CURLY"}]},{"@type":"WebSite","@id":"https:\/\/elynewstyle.it\/#website","url":"https:\/\/elynewstyle.it\/","name":"Friseur- und Sch\u00f6nheitssalon | Golfo Aranci | ES New Style Estetica","description":"Friseur- und Sch\u00f6nheitssalon | Golfo Aranci | ES New Style Estetica","potentialAction":[{"@type":"SearchAction","target":{"@type":"EntryPoint","urlTemplate":"https:\/\/elynewstyle.it\/?s={search_term_string}"},"query-input":{"@type":"PropertyValueSpecification","valueRequired":true,"valueName":"search_term_string"}}],"inLanguage":"de"}]}},"_links":{"self":[{"href":"https:\/\/elynewstyle.it\/de\/wp-json\/wp\/v2\/product\/989","targetHints":{"allow":["GET"]}}],"collection":[{"href":"https:\/\/elynewstyle.it\/de\/wp-json\/wp\/v2\/product"}],"about":[{"href":"https:\/\/elynewstyle.it\/de\/wp-json\/wp\/v2\/types\/product"}],"replies":[{"embeddable":true,"href":"https:\/\/elynewstyle.it\/de\/wp-json\/wp\/v2\/comments?post=989"}],"wp:featuredmedia":[{"embeddable":true,"href":"https:\/\/elynewstyle.it\/de\/wp-json\/wp\/v2\/media\/896"}],"wp:attachment":[{"href":"https:\/\/elynewstyle.it\/de\/wp-json\/wp\/v2\/media?parent=989"}],"wp:term":[{"taxonomy":"product_brand","embeddable":true,"href":"https:\/\/elynewstyle.it\/de\/wp-json\/wp\/v2\/product_brand?post=989"},{"taxonomy":"product_cat","embeddable":true,"href":"https:\/\/elynewstyle.it\/de\/wp-json\/wp\/v2\/product_cat?post=989"},{"taxonomy":"product_tag","embeddable":true,"href":"https:\/\/elynewstyle.it\/de\/wp-json\/wp\/v2\/product_tag?post=989"}],"curies":[{"name":"wp","href":"https:\/\/api.w.org\/{rel}","templated":true}]}}